{"id":23,"date":"2024-10-18T15:53:32","date_gmt":"2024-10-18T15:53:32","guid":{"rendered":"https:\/\/porvoonvihreat.fi\/wp2\/?page_id=23"},"modified":"2025-10-12T22:43:20","modified_gmt":"2025-10-12T20:43:20","slug":"luottamushenkilot","status":"publish","type":"page","link":"https:\/\/porvoonvihreat.fi\/index.php\/luottamushenkilot\/","title":{"rendered":"Luottamushenkil\u00f6t"},"content":{"rendered":"\n<p><strong>Kaupunginvaltuutetut<\/strong><br>Mika Varpio  (050 533 3880, mika.varpio@gmail.com)<br>Milla Jokisaari (040 577 7850, milla.jokisaari@porvoo.fi)<br>Anella Ahokas<br>Tuuli Hirvilammi, valtuustoryhm\u00e4n puheenjohtaja (040 726 2254, tuuli.hirvilammi@gmail.com)<br>Malina Pursiainen (malina.pursiainen@gmail.com) <br>Piritta Simola, valtuustoryhm\u00e4n varapuheenjohtaja (040 554 8194, piritta.simola@gmail.com)<br>Robin Lybeck (040 746 4757, robin.lybeck@gmail.com)<\/p>\n\n\n\n<p><strong>Varavaltuutetut<\/strong><br>Susanne Hellstr\u00f6m (shellstrm@gmail.com)<br>Anu Harjumaaskola (050 511 4489, anu.harjumaaskola@gmail.com)<br>Pasi Siltakorpi (040 566 5915, pasisiltakorpi@gmail.com)<br>Sanna Kivineva (040 541 0955, skivineva@gmail.com)<br>Eeva Puromies (040 745 1768, eeva.puromies@gmail.com)<br>Marjo Lahti (lahenmarjo@gmail.com)<br>Sirpa Hanska<\/p>\n\n\n\n<p><\/p>\n\n\n\n<p><strong>Muut luottamuspaikat<\/strong><\/p>\n\n\n\n<p><strong>Kaupunginhallitus<\/strong><br>J\u00e4sen Milla Jokisaari (040 577 7850, milla.jokisaari@porvoo.fi), varaj\u00e4sen Anella Ahokas<br>J\u00e4sen Robin Lybeck (040 746 4757, robin.lybeck@gmail.com), varaj\u00e4sen Pasi Siltakorpi (040 566 5915, pasisiltakorpi@gmail.com)<\/p>\n\n\n\n<p><strong>Konsernijaosto<\/strong><br>J\u00e4sen Pasi Siltakorpi (040 566 5915, pasisiltakorpi@gmail.com), varaj\u00e4sen Robin Lybeck (040 746 4757, robin.lybeck@gmail.com)<\/p>\n\n\n\n<p><strong>Kaupunkikehityslautakunta<\/strong><br>J\u00e4sen Mika Varpio (050 533 3880, mika.varpio@gmail.com) varaj\u00e4sen Jussi Ranta<br>J\u00e4sen Piritta Simola (040 554 8194, piritta.simola@gmail.com), varaj\u00e4sen Sirpa Hanska<\/p>\n\n\n\n<p><strong>Elinvoimalautakunta<\/strong><br>J\u00e4sen Malina Pursiainen  (malina.pursiainen@gmail.com), varaj\u00e4sen Marjo Lahti (lahenmarjo@gmail.com)<\/p>\n\n\n\n<p><strong>Kasvun ja oppimisen lautakunta<\/strong><br>J\u00e4sen Anella Ahokas, varaj\u00e4sen Lotta Fors (lotta.fors@haus.fi)<br>J\u00e4sen Jari Oksanen (040 049 4039, oksasen.jarin@gmail.com), varaj\u00e4sen Tuomas Green (tuomas.green@gmail.com)<\/p>\n\n\n\n<p><strong>Lupa- ja valvontalautakunta<\/strong><br>Puheenjohtaja Sanna Kivineva (040 541 0955, skivineva@gmail.com), varaj\u00e4sen Anni V\u00e4likangas (anni.valikangas@gmail.com)<br>J\u00e4sen Jussi Jaakkola (jussi.jaakkola@porvoo.fi), varaj\u00e4sen Markus Keskitalo (markusmke@gmail.com)<\/p>\n\n\n\n<p><strong>Tarkastuslautakunta<\/strong><br>J\u00e4sen Saara Kekki (044 379 3007, saara.kekki@gmail.com), varaj\u00e4sen Hanna Songpraguy<\/p>\n\n\n\n<p><strong>Keskusvaalilautakunta<\/strong> <br>J\u00e4sen Outi Avikainen (outi.avikainen@gmail.com)<\/p>\n\n\n\n<p><strong>Suomenkielinen koulutusjaosto<\/strong><br>J\u00e4sen Saija Haapasaari (saijahaa@gmail.com), varaj\u00e4sen Anni Vilmunen (anni.vilmunen@gmail.com)<\/p>\n\n\n\n<p><strong>Ruotsinkielinen koulutusjaosto<\/strong><br>J\u00e4sen Susanne Hellstr\u00f6m (shellstrm@gmail.com), varaj\u00e4sen Helena Hasselblatt<\/p>\n\n\n\n<p><strong>Liikelaitos Porvoon Vesi<\/strong><br>J\u00e4sen Ville Saarela (ville@villesaarela.fi), varaj\u00e4sen Timo Koivisto (timo.juhani.koivisto@gmail.com)<\/p>\n\n\n\n<p><strong>Liikelaitos Porvoon ateria- ja puhtauspalvelut<\/strong><br>J\u00e4sen Tomi Lassi (tomi.lassi@vihreat.fi), varaj\u00e4sen Roger Nordman (roger.nordman@outlook.com)<\/p>\n\n\n\n<p><strong>Porvoon Energia<\/strong><br>J\u00e4sen Paula Blomster (paula.blomster@messukeskus.com)<\/p>\n\n\n\n<p><strong>Event Factory<\/strong><br>J\u00e4sen Lotta Fors (lotta.fors@haus.fi)<\/p>\n\n\n\n<p><strong>Careeria<\/strong><br>J\u00e4sen Anu Harjumaaskola (050 511 4489, anu.harjumaaskola@gmail.com)<\/p>\n\n\n\n<p><strong>K\u00e4r\u00e4j\u00e4oikeuden lautamies<\/strong><br>Helena Hasselblatt<br>Hanna Mustonen (040 508 6669, hmustonen@yahoo.com)<\/p>\n\n\n\n<p><strong>Kiinteist\u00f6toimituksen uskottu mies<\/strong><br>Pauli Tarna<br>Hanna Songpraguy<br><br><strong>Maakuntavaltuusto<\/strong><br>J\u00e4sen Tuuli Hirvilammi (040 726 2254, tuuli.hirvilammi@gmail.com), varaj\u00e4sen Mika Varpio (050 533 3880, mika.varpio@gmail.com)<br><br><strong>Asuntos\u00e4\u00e4ti\u00f6<\/strong><br>Hannu Ahola (hannu.ahola@hotmail.fi)<br><br><strong>Ty\u00f6llisyysalueen lautakunta<\/strong><br>J\u00e4sen Ulla Raitimo (ulla.raitimo@gmail.com), varaj\u00e4sen Jari Oksanen (040&nbsp;049&nbsp;4039, oksasen.jarin@gmail.com)<br><br><strong>Ymp\u00e4rist\u00f6- ja terveyslautakunta<\/strong><br>J\u00e4sen Mats Blomberg  (mpe.blomberg@gmail.com), varaj\u00e4sen Tomi Lassi (tomi.lassi@vihreat.fi)<\/p>\n\n\n\n<p><strong>Vanhan Porvoon rakennuslupaty\u00f6ryhm\u00e4<\/strong><br>Puheenjohtaja Malina Pursiainen (malina.pursiainen@gmail.com) <br><br><strong>Poliisin neuvottelukunta<\/strong><br>J\u00e4sen Pauli Tarna, varaj\u00e4sen Niko Per\u00e4l\u00e4<\/p>\n\n\n\n<p>***<\/p>\n\n\n\n<p><strong>Luottamusteht\u00e4v\u00e4t puolueessa<\/strong><\/p>\n\n\n\n<p><strong>Puoluejohto<\/strong><br>Varapuheenjohtaja Allu Pyh\u00e4lammi<\/p>\n\n\n\n<p><strong>Puoluevaltuusto<\/strong><br>Varaj\u00e4sen Mari Lotila<\/p>\n\n\n\n<p><\/p>\n","protected":false},"excerpt":{"rendered":"<p>KaupunginvaltuutetutMika Varpio (050 533 3880, mika.varpio@gmail.com)Milla Jokisaari (040 577 7850, milla.jokisaari@porvoo.fi)Anella AhokasTuuli Hirvilammi, valtuustoryhm\u00e4n puheenjohtaja (040 726 2254, tuuli.hirvilammi@gmail.com)Malina Pursiainen (malina.pursiainen@gmail.com) Piritta Simola, valtuustoryhm\u00e4n varapuheenjohtaja (040 554 8194, piritta.simola@gmail.com)Robin Lybeck (040 746 4757, robin.lybeck@gmail.com) VaravaltuutetutSusanne Hellstr\u00f6m (shellstrm@gmail.com)Anu Harjumaaskola (050 511 4489, anu.harjumaaskola@gmail.com)Pasi Siltakorpi (040 566 5915, pasisiltakorpi@gmail.com)Sanna Kivineva (040 541 0955, skivineva@gmail.com)Eeva Puromies (040 745 [&hellip;]<\/p>\n","protected":false},"author":4,"featured_media":0,"parent":0,"menu_order":0,"comment_status":"closed","ping_status":"closed","template":"","meta":{"footnotes":""},"class_list":["post-23","page","type-page","status-publish","hentry"],"_links":{"self":[{"href":"https:\/\/porvoonvihreat.fi\/index.php\/wp-json\/wp\/v2\/pages\/23","targetHints":{"allow":["GET"]}}],"collection":[{"href":"https:\/\/porvoonvihreat.fi\/index.php\/wp-json\/wp\/v2\/pages"}],"about":[{"href":"https:\/\/porvoonvihreat.fi\/index.php\/wp-json\/wp\/v2\/types\/page"}],"author":[{"embeddable":true,"href":"https:\/\/porvoonvihreat.fi\/index.php\/wp-json\/wp\/v2\/users\/4"}],"replies":[{"embeddable":true,"href":"https:\/\/porvoonvihreat.fi\/index.php\/wp-json\/wp\/v2\/comments?post=23"}],"version-history":[{"count":17,"href":"https:\/\/porvoonvihreat.fi\/index.php\/wp-json\/wp\/v2\/pages\/23\/revisions"}],"predecessor-version":[{"id":395,"href":"https:\/\/porvoonvihreat.fi\/index.php\/wp-json\/wp\/v2\/pages\/23\/revisions\/395"}],"wp:attachment":[{"href":"https:\/\/porvoonvihreat.fi\/index.php\/wp-json\/wp\/v2\/media?parent=23"}],"curies":[{"name":"wp","href":"https:\/\/api.w.org\/{rel}","templated":true}]}}