{"id":15,"date":"2024-10-18T15:42:42","date_gmt":"2024-10-18T15:42:42","guid":{"rendered":"https:\/\/porvoonvihreat.fi\/wp2\/?page_id=15"},"modified":"2025-01-21T10:52:23","modified_gmt":"2025-01-21T08:52:23","slug":"kontaktuppgifter","status":"publish","type":"page","link":"https:\/\/porvoonvihreat.fi\/index.php\/sv\/kontaktuppgifter\/","title":{"rendered":"Kontaktuppgifter"},"content":{"rendered":"\n<p class=\"is-style-default\"><strong>Ordf\u00f6rande <\/strong>Saara Kekki, <a href=\"mailto:puheenjohtaja@porvoonvihreat.fi\">puheenjohtaja@porvoonvihreat.fi<\/a>, 044 3793007<\/p>\n\n\n\n<p><strong>Vice ordf\u00f6rande<\/strong> Eeva Puromies, <a href=\"mailto:eeva.puromies@gmail.com\">eeva.puromies@gmail.com<\/a>, 040 7451768<\/p>\n\n\n\n<p>You are welcome to contact us also in English!<\/p>\n\n\n\n<h1 class=\"wp-block-heading\">Styrelse<\/h1>\n\n\n\n<p><strong>De Gr\u00f6na i Borg\u00e5 rf:s styrelse \u00e5r 202<\/strong>5<\/p>\n\n\n\n<p><strong>Ordf\u00f6rande:<\/strong><br>Saara Kekki, <a href=\"mailto:puheenjohtaja@porvoonvihreat.fi\">puheenjohtaja@porvoonvihreat.fi<\/a>, 044 3793007<\/p>\n\n\n\n<p><strong>Vice ordf\u00f6rande: <\/strong><br>Eeva Puromies, <a href=\"mailto:eeva.puromies@gmail.com\">eeva.puromies@gmail.com<\/a>, 040 7451768<\/p>\n\n\n\n<p><strong>\u00d6vriga ledam\u00f6ter i styrelsen:<br><\/strong>Saija Haapasaari<br>Tiina Haavisto<br>Janne Heiskanen<br>Ninni K\u00e4hk\u00f6nen<br>Allu Pyh\u00e4lammi<br>Ville Saarela<\/p>\n\n\n\n<p>De Gr\u00f6na i Borg\u00e5 p\u00e5 sociala medier:<\/p>\n\n\n\n<p>Facebook<\/p>\n\n\n\n<p><a href=\"https:\/\/www.facebook.com\/porvoonvihreat\">https:\/\/www.facebook.com\/porvoonvihreat<\/a><\/p>\n\n\n\n<p>Instagram:<\/p>\n\n\n\n<p><a href=\"https:\/\/www.instagram.com\/porvoonvihreat\">https:\/\/www.instagram.com\/porvoonvihreat<\/a><\/p>\n","protected":false},"excerpt":{"rendered":"<p>Ordf\u00f6rande Saara Kekki, puheenjohtaja@porvoonvihreat.fi, 044 3793007 Vice ordf\u00f6rande Eeva Puromies, eeva.puromies@gmail.com, 040 7451768 You are welcome to contact us also in English! Styrelse De Gr\u00f6na i Borg\u00e5 rf:s styrelse \u00e5r 2025 Ordf\u00f6rande:Saara Kekki, puheenjohtaja@porvoonvihreat.fi, 044 3793007 Vice ordf\u00f6rande: Eeva Puromies, eeva.puromies@gmail.com, 040 7451768 \u00d6vriga ledam\u00f6ter i styrelsen:Saija HaapasaariTiina HaavistoJanne HeiskanenNinni K\u00e4hk\u00f6nenAllu Pyh\u00e4lammiVille Saarela De Gr\u00f6na [&hellip;]<\/p>\n","protected":false},"author":4,"featured_media":0,"parent":0,"menu_order":0,"comment_status":"closed","ping_status":"closed","template":"","meta":{"footnotes":""},"class_list":["post-15","page","type-page","status-publish","hentry"],"_links":{"self":[{"href":"https:\/\/porvoonvihreat.fi\/index.php\/wp-json\/wp\/v2\/pages\/15","targetHints":{"allow":["GET"]}}],"collection":[{"href":"https:\/\/porvoonvihreat.fi\/index.php\/wp-json\/wp\/v2\/pages"}],"about":[{"href":"https:\/\/porvoonvihreat.fi\/index.php\/wp-json\/wp\/v2\/types\/page"}],"author":[{"embeddable":true,"href":"https:\/\/porvoonvihreat.fi\/index.php\/wp-json\/wp\/v2\/users\/4"}],"replies":[{"embeddable":true,"href":"https:\/\/porvoonvihreat.fi\/index.php\/wp-json\/wp\/v2\/comments?post=15"}],"version-history":[{"count":5,"href":"https:\/\/porvoonvihreat.fi\/index.php\/wp-json\/wp\/v2\/pages\/15\/revisions"}],"predecessor-version":[{"id":244,"href":"https:\/\/porvoonvihreat.fi\/index.php\/wp-json\/wp\/v2\/pages\/15\/revisions\/244"}],"wp:attachment":[{"href":"https:\/\/porvoonvihreat.fi\/index.php\/wp-json\/wp\/v2\/media?parent=15"}],"curies":[{"name":"wp","href":"https:\/\/api.w.org\/{rel}","templated":true}]}}