{"id":13,"date":"2024-10-18T15:39:23","date_gmt":"2024-10-18T15:39:23","guid":{"rendered":"https:\/\/porvoonvihreat.fi\/wp2\/?page_id=13"},"modified":"2025-01-20T15:00:06","modified_gmt":"2025-01-20T13:00:06","slug":"yhteystiedot","status":"publish","type":"page","link":"https:\/\/porvoonvihreat.fi\/index.php\/yhteystiedot\/","title":{"rendered":"Yhteystiedot"},"content":{"rendered":"\n<p><strong>Puheenjohtaja<\/strong> Saara Kekki, <a href=\"mailto:puheenjohtaja@porvoonvihreat.fi\">puheenjohtaja@porvoonvihreat.fi<\/a>, 044 3793007<\/p>\n\n\n\n<p><strong>Varapuheenjohtaja<\/strong> Eeva Puromies, <a href=\"mailto:eeva.puromies@gmail.com\">eeva.puromies@gmail.com<\/a>, 040 7451768<\/p>\n\n\n\n<p>You are welcome to contact us also in English!<\/p>\n\n\n\n<h2 class=\"wp-block-heading\">Hallitus<\/h2>\n\n\n\n<p><strong>Puheenjohtaja:<\/strong><br>Saara Kekki, <a href=\"mailto:puheenjohtaja@porvoonvihreat.fi\">puheenjohtaja@porvoonvihreat.fi<\/a>, 044 3793007<\/p>\n\n\n\n<p><strong>Varapuheenjohtaja:<\/strong><br>Eeva Puromies, <a href=\"mailto:eeva.puromies@gmail.com\">eeva.puromies@gmail.com<\/a>, 040 7451768<\/p>\n\n\n\n<p><strong>Hallituksen muut j\u00e4senet:<br><\/strong>Saija Haapasaari<br>Tiina Haavisto<br>Janne Heiskanen<br>Ninni K\u00e4hk\u00f6nen<br>Allu Pyh\u00e4lammi<br>Ville Saarela<\/p>\n\n\n\n<p><strong>Porvoon Vihre\u00e4t sosiaalisessa mediassa:<br>Facebook<br><\/strong><a href=\"https:\/\/www.facebook.com\/porvoonvihreat\/\" target=\"_blank\" rel=\"noreferrer noopener\">https:\/\/www.facebook.com\/porvoonvihreat\/<\/a><br><strong>Instagram:<br><\/strong><a href=\"https:\/\/www.instagram.com\/porvoonvihreat\/\" target=\"_blank\" rel=\"noreferrer noopener\">https:\/\/www.instagram.com\/porvoonvihreat\/<\/a><\/p>\n\n\n\n<p>Tutustu Porvoon Vihreiden <a href=\"https:\/\/porvoonvihreat.fi\/index.php\/tietosuojaseloste\/\" data-type=\"page\" data-id=\"10\">tietosuojaselosteeseen<\/a><\/p>\n\n\n\n<p><\/p>\n","protected":false},"excerpt":{"rendered":"<p>Puheenjohtaja Saara Kekki, puheenjohtaja@porvoonvihreat.fi, 044 3793007 Varapuheenjohtaja Eeva Puromies, eeva.puromies@gmail.com, 040 7451768 You are welcome to contact us also in English! Hallitus Puheenjohtaja:Saara Kekki, puheenjohtaja@porvoonvihreat.fi, 044 3793007 Varapuheenjohtaja:Eeva Puromies, eeva.puromies@gmail.com, 040 7451768 Hallituksen muut j\u00e4senet:Saija HaapasaariTiina HaavistoJanne HeiskanenNinni K\u00e4hk\u00f6nenAllu Pyh\u00e4lammiVille Saarela Porvoon Vihre\u00e4t sosiaalisessa mediassa:Facebookhttps:\/\/www.facebook.com\/porvoonvihreat\/Instagram:https:\/\/www.instagram.com\/porvoonvihreat\/ Tutustu Porvoon Vihreiden tietosuojaselosteeseen<\/p>\n","protected":false},"author":4,"featured_media":0,"parent":0,"menu_order":0,"comment_status":"closed","ping_status":"closed","template":"","meta":{"footnotes":""},"class_list":["post-13","page","type-page","status-publish","hentry"],"_links":{"self":[{"href":"https:\/\/porvoonvihreat.fi\/index.php\/wp-json\/wp\/v2\/pages\/13","targetHints":{"allow":["GET"]}}],"collection":[{"href":"https:\/\/porvoonvihreat.fi\/index.php\/wp-json\/wp\/v2\/pages"}],"about":[{"href":"https:\/\/porvoonvihreat.fi\/index.php\/wp-json\/wp\/v2\/types\/page"}],"author":[{"embeddable":true,"href":"https:\/\/porvoonvihreat.fi\/index.php\/wp-json\/wp\/v2\/users\/4"}],"replies":[{"embeddable":true,"href":"https:\/\/porvoonvihreat.fi\/index.php\/wp-json\/wp\/v2\/comments?post=13"}],"version-history":[{"count":8,"href":"https:\/\/porvoonvihreat.fi\/index.php\/wp-json\/wp\/v2\/pages\/13\/revisions"}],"predecessor-version":[{"id":186,"href":"https:\/\/porvoonvihreat.fi\/index.php\/wp-json\/wp\/v2\/pages\/13\/revisions\/186"}],"wp:attachment":[{"href":"https:\/\/porvoonvihreat.fi\/index.php\/wp-json\/wp\/v2\/media?parent=13"}],"curies":[{"name":"wp","href":"https:\/\/api.w.org\/{rel}","templated":true}]}}